{"id":13,"date":"2025-10-05T23:34:42","date_gmt":"2025-10-05T23:34:42","guid":{"rendered":"https:\/\/asoorivalle.com\/?page_id=13"},"modified":"2025-10-06T21:01:22","modified_gmt":"2025-10-06T21:01:22","slug":"home","status":"publish","type":"page","link":"https:\/\/asoorivalle.com\/","title":{"rendered":"Home"},"content":{"rendered":"\t\t<div data-elementor-type=\"wp-page\" data-elementor-id=\"13\" class=\"elementor elementor-13\">\n\t\t\t\t<div class=\"elementor-element elementor-element-6b05b2c e-flex e-con-boxed e-con e-parent\" data-id=\"6b05b2c\" data-element_type=\"container\">\n\t\t\t\t\t<div class=\"e-con-inner\">\n\t\t<div class=\"elementor-element elementor-element-7759aaa e-con-full e-flex e-con e-child\" data-id=\"7759aaa\" data-element_type=\"container\">\n\t\t\t\t<div class=\"elementor-element elementor-element-6c22ad7 elementor-widget elementor-widget-image\" data-id=\"6c22ad7\" data-element_type=\"widget\" data-widget_type=\"image.default\">\n\t\t\t\t\t\t\t\t\t\t\t\t\t\t\t<img fetchpriority=\"high\" decoding=\"async\" width=\"512\" height=\"512\" src=\"https:\/\/asoorivalle.com\/wp-content\/uploads\/2025\/10\/Assorivalle-1-3.png\" class=\"attachment-large size-large wp-image-73\" alt=\"\" srcset=\"https:\/\/asoorivalle.com\/wp-content\/uploads\/2025\/10\/Assorivalle-1-3.png 512w, https:\/\/asoorivalle.com\/wp-content\/uploads\/2025\/10\/Assorivalle-1-3-300x300.png 300w, https:\/\/asoorivalle.com\/wp-content\/uploads\/2025\/10\/Assorivalle-1-3-150x150.png 150w\" sizes=\"(max-width: 512px) 100vw, 512px\" \/>\t\t\t\t\t\t\t\t\t\t\t\t\t\t\t<\/div>\n\t\t\t\t<\/div>\n\t\t<div class=\"elementor-element elementor-element-94408b1 e-con-full e-flex e-con e-child\" data-id=\"94408b1\" data-element_type=\"container\">\n\t\t\t\t<div class=\"elementor-element elementor-element-c01694f elementor-widget elementor-widget-text-editor\" data-id=\"c01694f\" data-element_type=\"widget\" data-widget_type=\"text-editor.default\">\n\t\t\t\t\t\t\t\t\t<h2>\u00bfQu\u00e9 somos?<\/h2>\n<p>Lorem fistrum por la gloria de mi madre esse jarl aliqua llevame al sircoo. De la pradera ullamco qu\u00e9 dise usteer est\u00e1 la cosa muy malar.Lorem fistrum por la gloria de mi madre esse jarl aliqua llevame al sircoo. De la pradera ullamco qu\u00e9 dise usteer est\u00e1 la cosa muy malar.<\/p>\n<p>\u00a0<\/p>\n<p>Lorem fistrum por la gloria de mi madre esse jarl aliqua llevame al sircoo. De la pradera ullamco qu\u00e9 dise usteer est\u00e1 la cosa muy malar.Lorem fistrum por la gloria de mi madre esse jarl aliqua llevame al sircoo. De la pradera ullamco qu\u00e9 dise usteer est\u00e1 la cosa muy malar.<\/p>\n<p>\u00a0<\/p>\n<p style=\"text-align: center;\">Conocenos<\/p>\t\t\t\t\t\t\t\t<\/div>\n\t\t\t\t<\/div>\n\t\t\t\t\t<\/div>\n\t\t\t\t<\/div>\n\t\t<div class=\"elementor-element elementor-element-6d231d7 e-flex e-con-boxed e-con e-parent\" data-id=\"6d231d7\" data-element_type=\"container\">\n\t\t\t\t\t<div class=\"e-con-inner\">\n\t\t\t\t<div class=\"elementor-element elementor-element-95c3938 elementor-widget elementor-widget-heading\" data-id=\"95c3938\" data-element_type=\"widget\" data-widget_type=\"heading.default\">\n\t\t\t\t\t<h2 class=\"elementor-heading-title elementor-size-default\">Beneficios:<\/h2>\t\t\t\t<\/div>\n\t\t\t\t\t<\/div>\n\t\t\t\t<\/div>\n\t\t<div class=\"elementor-element elementor-element-5726516 e-grid e-con-boxed e-con e-parent\" data-id=\"5726516\" data-element_type=\"container\">\n\t\t\t\t\t<div class=\"e-con-inner\">\n\t\t\t\t<div class=\"elementor-element elementor-element-0effa8c elementor-widget elementor-widget-text-editor\" data-id=\"0effa8c\" data-element_type=\"widget\" data-widget_type=\"text-editor.default\">\n\t\t\t\t\t\t\t\t\t<h4 style=\"text-align: center;\">Espacios de formaci\u00f3n politico\/gremial<\/h4><p>\u00a0<\/p><p>Recibir los cursos de inducci\u00f3n, educaci\u00f3n, formaci\u00f3n sindical y capacitaci\u00f3n u otros que programen las juntas directivas (nacional, departamental y municipal) con base en la programaci\u00f3n que se determine.<\/p>\t\t\t\t\t\t\t\t<\/div>\n\t\t\t\t<div class=\"elementor-element elementor-element-4251a24 elementor-align-justify elementor-widget elementor-widget-button\" data-id=\"4251a24\" data-element_type=\"widget\" data-widget_type=\"button.default\">\n\t\t\t\t\t\t\t\t\t\t<a class=\"elementor-button elementor-button-link elementor-size-sm\" href=\"#\">\n\t\t\t\t\t\t<span class=\"elementor-button-content-wrapper\">\n\t\t\t\t\t\t\t\t\t<span class=\"elementor-button-text\">Haz clic aqu\u00ed<\/span>\n\t\t\t\t\t<\/span>\n\t\t\t\t\t<\/a>\n\t\t\t\t\t\t\t\t<\/div>\n\t\t\t\t\t<\/div>\n\t\t\t\t<\/div>\n\t\t<div class=\"elementor-element elementor-element-7dbbb6f e-grid e-con-boxed e-con e-parent\" data-id=\"7dbbb6f\" data-element_type=\"container\">\n\t\t\t\t\t<div class=\"e-con-inner\">\n\t\t\t\t<div class=\"elementor-element elementor-element-47070eb elementor-widget elementor-widget-text-editor\" data-id=\"47070eb\" data-element_type=\"widget\" data-widget_type=\"text-editor.default\">\n\t\t\t\t\t\t\t\t\t<h4 style=\"text-align: center;\">Participar de la Junta Directiva<\/h4><p>\u00a0<\/p><p>Participar en las reuniones de la junta directiva, incluyendo a los compa\u00f1eros suplentes convocados cuando la junta lo solicite o sea invitado con derecho a voz dentro del desarrollo la misma.<\/p>\t\t\t\t\t\t\t\t<\/div>\n\t\t\t\t<div class=\"elementor-element elementor-element-4c93e4e elementor-align-justify elementor-widget elementor-widget-button\" data-id=\"4c93e4e\" data-element_type=\"widget\" data-widget_type=\"button.default\">\n\t\t\t\t\t\t\t\t\t\t<a class=\"elementor-button elementor-button-link elementor-size-sm\" href=\"#\">\n\t\t\t\t\t\t<span class=\"elementor-button-content-wrapper\">\n\t\t\t\t\t\t\t\t\t<span class=\"elementor-button-text\">Haz clic aqu\u00ed<\/span>\n\t\t\t\t\t<\/span>\n\t\t\t\t\t<\/a>\n\t\t\t\t\t\t\t\t<\/div>\n\t\t\t\t\t<\/div>\n\t\t\t\t<\/div>\n\t\t<div class=\"elementor-element elementor-element-fdb6141 e-grid e-con-boxed e-con e-parent\" data-id=\"fdb6141\" data-element_type=\"container\">\n\t\t\t\t\t<div class=\"e-con-inner\">\n\t\t\t\t<div class=\"elementor-element elementor-element-6d99a91 elementor-widget elementor-widget-text-editor\" data-id=\"6d99a91\" data-element_type=\"widget\" data-widget_type=\"text-editor.default\">\n\t\t\t\t\t\t\t\t\t<h4 style=\"text-align: center;\">Solidaridad Organizativa<\/h4><p>\u00a0<\/p><p>Recibir la solidaridad, acompa\u00f1amiento y respaldo del sindicato en caso de despido injusto o por causas de su actividad sindical, social, religiosa, filos\u00f3fica y\/o pol\u00edtica, racial, \u00e9tnica y\/o por roles de g\u00e9nero, sexo u orientaci\u00f3n sexual, discapacidad, regionalismo y\/o Xenofobia.<\/p>\t\t\t\t\t\t\t\t<\/div>\n\t\t\t\t<div class=\"elementor-element elementor-element-2512b76 elementor-align-justify elementor-widget elementor-widget-button\" data-id=\"2512b76\" data-element_type=\"widget\" data-widget_type=\"button.default\">\n\t\t\t\t\t\t\t\t\t\t<a class=\"elementor-button elementor-button-link elementor-size-sm\" href=\"#\">\n\t\t\t\t\t\t<span class=\"elementor-button-content-wrapper\">\n\t\t\t\t\t\t\t\t\t<span class=\"elementor-button-text\">Haz clic aqu\u00ed<\/span>\n\t\t\t\t\t<\/span>\n\t\t\t\t\t<\/a>\n\t\t\t\t\t\t\t\t<\/div>\n\t\t\t\t\t<\/div>\n\t\t\t\t<\/div>\n\t\t<div class=\"elementor-element elementor-element-6203271 e-flex e-con-boxed e-con e-parent\" data-id=\"6203271\" data-element_type=\"container\">\n\t\t\t\t\t<div class=\"e-con-inner\">\n\t\t\t\t<div class=\"elementor-element elementor-element-1ad48e4 elementor-widget-divider--view-line elementor-widget elementor-widget-divider\" data-id=\"1ad48e4\" data-element_type=\"widget\" data-widget_type=\"divider.default\">\n\t\t\t\t\t\t\t<div class=\"elementor-divider\">\n\t\t\t<span class=\"elementor-divider-separator\">\n\t\t\t\t\t\t<\/span>\n\t\t<\/div>\n\t\t\t\t\t\t<\/div>\n\t\t\t\t\t<\/div>\n\t\t\t\t<\/div>\n\t\t<div class=\"elementor-element elementor-element-565c24e e-flex e-con-boxed e-con e-parent\" data-id=\"565c24e\" data-element_type=\"container\">\n\t\t\t\t\t<div class=\"e-con-inner\">\n\t\t\t\t<div class=\"elementor-element elementor-element-3bf4575 elementor-widget elementor-widget-html\" data-id=\"3bf4575\" data-element_type=\"widget\" data-widget_type=\"html.default\">\n\t\t\t\t\t<h4>Ub\u00edcanos en: <\/h4>\r\n<iframe src=\"https:\/\/www.google.com\/maps\/embed?pb=!1m18!1m12!1m3!1d3979.73753980746!2d-76.19995819061837!3d4.073799346758509!2m3!1f0!2f0!3f0!3m2!1i1024!2i768!4f13.1!3m3!1m2!1s0x8e39c5cb0d29a9c3%3A0xdd69407c58f4c36b!2sCra.%2027%20Bis%20%2339-18%2C%20Tulu%C3%A1%2C%20Valle%20del%20Cauca%2C%20Colombia!5e0!3m2!1ses-419!2sus!4v1759778502613!5m2!1ses-419!2sus\" width=\"400\" height=\"300\" style=\"border:0;\" allowfullscreen=\"\" loading=\"lazy\" referrerpolicy=\"no-referrer-when-downgrade\"><\/iframe>\t\t\t\t<\/div>\n\t\t\t\t\t<\/div>\n\t\t\t\t<\/div>\n\t\t<div class=\"elementor-element elementor-element-ee7588e e-flex e-con-boxed e-con e-parent\" data-id=\"ee7588e\" data-element_type=\"container\">\n\t\t\t\t\t<div class=\"e-con-inner\">\n\t\t\t\t<div class=\"elementor-element elementor-element-50bd1e8 elementor-arrows-position-inside elementor-pagination-position-outside elementor-widget elementor-widget-image-carousel\" data-id=\"50bd1e8\" data-element_type=\"widget\" data-settings=\"{&quot;navigation&quot;:&quot;both&quot;,&quot;autoplay&quot;:&quot;yes&quot;,&quot;pause_on_hover&quot;:&quot;yes&quot;,&quot;pause_on_interaction&quot;:&quot;yes&quot;,&quot;autoplay_speed&quot;:5000,&quot;infinite&quot;:&quot;yes&quot;,&quot;speed&quot;:500}\" data-widget_type=\"image-carousel.default\">\n\t\t\t\t\t\t\t<div class=\"elementor-image-carousel-wrapper swiper\" role=\"region\" aria-roledescription=\"carousel\" aria-label=\"Carrusel de im\u00e1genes\" dir=\"ltr\">\n\t\t\t<div class=\"elementor-image-carousel swiper-wrapper\" aria-live=\"off\">\n\t\t\t\t\t\t\t\t<div class=\"swiper-slide\" role=\"group\" aria-roledescription=\"slide\" aria-label=\"1 of 3\"><figure class=\"swiper-slide-inner\"><img decoding=\"async\" class=\"swiper-slide-image\" src=\"https:\/\/asoorivalle.com\/wp-content\/uploads\/2025\/10\/Assorivalle-1-2-150x150.png\" alt=\"Assorivalle (1)\" \/><\/figure><\/div><div class=\"swiper-slide\" role=\"group\" aria-roledescription=\"slide\" aria-label=\"2 of 3\"><figure class=\"swiper-slide-inner\"><img decoding=\"async\" class=\"swiper-slide-image\" src=\"https:\/\/asoorivalle.com\/wp-content\/uploads\/2025\/10\/Assorivalle-1-1-150x150.png\" alt=\"Assorivalle (1)\" \/><\/figure><\/div><div class=\"swiper-slide\" role=\"group\" aria-roledescription=\"slide\" aria-label=\"3 of 3\"><figure class=\"swiper-slide-inner\"><img decoding=\"async\" class=\"swiper-slide-image\" src=\"https:\/\/asoorivalle.com\/wp-content\/uploads\/2025\/10\/cropped-Assorivalle-1-150x150.png\" alt=\"cropped-Assorivalle-1.png\" \/><\/figure><\/div>\t\t\t<\/div>\n\t\t\t\t\t\t\t\t\t\t\t\t<div class=\"elementor-swiper-button elementor-swiper-button-prev\" role=\"button\" tabindex=\"0\">\n\t\t\t\t\t\t<svg aria-hidden=\"true\" class=\"e-font-icon-svg e-eicon-chevron-left\" viewBox=\"0 0 1000 1000\" xmlns=\"http:\/\/www.w3.org\/2000\/svg\"><path d=\"M646 125C629 125 613 133 604 142L308 442C296 454 292 471 292 487 292 504 296 521 308 533L604 854C617 867 629 875 646 875 663 875 679 871 692 858 704 846 713 829 713 812 713 796 708 779 692 767L438 487 692 225C700 217 708 204 708 187 708 171 704 154 692 142 675 129 663 125 646 125Z\"><\/path><\/svg>\t\t\t\t\t<\/div>\n\t\t\t\t\t<div class=\"elementor-swiper-button elementor-swiper-button-next\" role=\"button\" tabindex=\"0\">\n\t\t\t\t\t\t<svg aria-hidden=\"true\" class=\"e-font-icon-svg e-eicon-chevron-right\" viewBox=\"0 0 1000 1000\" xmlns=\"http:\/\/www.w3.org\/2000\/svg\"><path d=\"M696 533C708 521 713 504 713 487 713 471 708 454 696 446L400 146C388 133 375 125 354 125 338 125 325 129 313 142 300 154 292 171 292 187 292 204 296 221 308 233L563 492 304 771C292 783 288 800 288 817 288 833 296 850 308 863 321 871 338 875 354 875 371 875 388 867 400 854L696 533Z\"><\/path><\/svg>\t\t\t\t\t<\/div>\n\t\t\t\t\n\t\t\t\t\t\t\t\t\t<div class=\"swiper-pagination\"><\/div>\n\t\t\t\t\t\t\t\t\t<\/div>\n\t\t\t\t\t\t<\/div>\n\t\t\t\t<div class=\"elementor-element elementor-element-2fe9293 elementor-align-justify elementor-widget elementor-widget-button\" data-id=\"2fe9293\" data-element_type=\"widget\" data-widget_type=\"button.default\">\n\t\t\t\t\t\t\t\t\t\t<a class=\"elementor-button elementor-button-link elementor-size-sm\" href=\"#\">\n\t\t\t\t\t\t<span class=\"elementor-button-content-wrapper\">\n\t\t\t\t\t\t<span class=\"elementor-button-icon\">\n\t\t\t\t<svg aria-hidden=\"true\" class=\"e-font-icon-svg e-far-comment-dots\" viewBox=\"0 0 512 512\" xmlns=\"http:\/\/www.w3.org\/2000\/svg\"><path d=\"M144 208c-17.7 0-32 14.3-32 32s14.3 32 32 32 32-14.3 32-32-14.3-32-32-32zm112 0c-17.7 0-32 14.3-32 32s14.3 32 32 32 32-14.3 32-32-14.3-32-32-32zm112 0c-17.7 0-32 14.3-32 32s14.3 32 32 32 32-14.3 32-32-14.3-32-32-32zM256 32C114.6 32 0 125.1 0 240c0 47.6 19.9 91.2 52.9 126.3C38 405.7 7 439.1 6.5 439.5c-6.6 7-8.4 17.2-4.6 26S14.4 480 24 480c61.5 0 110-25.7 139.1-46.3C192 442.8 223.2 448 256 448c141.4 0 256-93.1 256-208S397.4 32 256 32zm0 368c-26.7 0-53.1-4.1-78.4-12.1l-22.7-7.2-19.5 13.8c-14.3 10.1-33.9 21.4-57.5 29 7.3-12.1 14.4-25.7 19.9-40.2l10.6-28.1-20.6-21.8C69.7 314.1 48 282.2 48 240c0-88.2 93.3-160 208-160s208 71.8 208 160-93.3 160-208 160z\"><\/path><\/svg>\t\t\t<\/span>\n\t\t\t\t\t\t\t\t\t<span class=\"elementor-button-text\">Ll\u00e1manos +57 316 624 9872<\/span>\n\t\t\t\t\t<\/span>\n\t\t\t\t\t<\/a>\n\t\t\t\t\t\t\t\t<\/div>\n\t\t\t\t\t<\/div>\n\t\t\t\t<\/div>\n\t\t\t\t<\/div>\n\t\t","protected":false},"excerpt":{"rendered":"<p>\u00bfQu\u00e9 somos? Lorem fistrum por la gloria de mi madre esse jarl aliqua llevame al&hellip;<\/p>\n","protected":false},"author":1,"featured_media":0,"parent":0,"menu_order":0,"comment_status":"closed","ping_status":"closed","template":"","meta":{"footnotes":""},"class_list":["post-13","page","type-page","status-publish","hentry"],"yoast_head":"<!-- This site is optimized with the Yoast SEO plugin v26.0 - https:\/\/yoast.com\/wordpress\/plugins\/seo\/ -->\n<title>Home - Asoorivalle<\/title>\n<meta name=\"robots\" content=\"index, follow, max-snippet:-1, max-image-preview:large, max-video-preview:-1\" \/>\n<link rel=\"canonical\" href=\"https:\/\/asoorivalle.com\/\" \/>\n<meta property=\"og:locale\" content=\"es_ES\" \/>\n<meta property=\"og:type\" content=\"article\" \/>\n<meta property=\"og:title\" content=\"Home - Asoorivalle\" \/>\n<meta property=\"og:description\" content=\"\u00bfQu\u00e9 somos? Lorem fistrum por la gloria de mi madre esse jarl aliqua llevame al&hellip;\" \/>\n<meta property=\"og:url\" content=\"https:\/\/asoorivalle.com\/\" \/>\n<meta property=\"og:site_name\" content=\"Asoorivalle\" \/>\n<meta property=\"article:modified_time\" content=\"2025-10-06T21:01:22+00:00\" \/>\n<meta property=\"og:image\" content=\"https:\/\/asoorivalle.com\/wp-content\/uploads\/2025\/10\/Assorivalle-1-3.png\" \/>\n\t<meta property=\"og:image:width\" content=\"512\" \/>\n\t<meta property=\"og:image:height\" content=\"512\" \/>\n\t<meta property=\"og:image:type\" content=\"image\/png\" \/>\n<meta name=\"twitter:card\" content=\"summary_large_image\" \/>\n<meta name=\"twitter:label1\" content=\"Tiempo de lectura\" \/>\n\t<meta name=\"twitter:data1\" content=\"3 minutos\" \/>\n<script type=\"application\/ld+json\" class=\"yoast-schema-graph\">{\"@context\":\"https:\/\/schema.org\",\"@graph\":[{\"@type\":\"WebPage\",\"@id\":\"https:\/\/asoorivalle.com\/\",\"url\":\"https:\/\/asoorivalle.com\/\",\"name\":\"Home - Asoorivalle\",\"isPartOf\":{\"@id\":\"https:\/\/asoorivalle.com\/#website\"},\"primaryImageOfPage\":{\"@id\":\"https:\/\/asoorivalle.com\/#primaryimage\"},\"image\":{\"@id\":\"https:\/\/asoorivalle.com\/#primaryimage\"},\"thumbnailUrl\":\"https:\/\/asoorivalle.com\/wp-content\/uploads\/2025\/10\/Assorivalle-1-3.png\",\"datePublished\":\"2025-10-05T23:34:42+00:00\",\"dateModified\":\"2025-10-06T21:01:22+00:00\",\"breadcrumb\":{\"@id\":\"https:\/\/asoorivalle.com\/#breadcrumb\"},\"inLanguage\":\"es-CO\",\"potentialAction\":[{\"@type\":\"ReadAction\",\"target\":[\"https:\/\/asoorivalle.com\/\"]}]},{\"@type\":\"ImageObject\",\"inLanguage\":\"es-CO\",\"@id\":\"https:\/\/asoorivalle.com\/#primaryimage\",\"url\":\"https:\/\/asoorivalle.com\/wp-content\/uploads\/2025\/10\/Assorivalle-1-3.png\",\"contentUrl\":\"https:\/\/asoorivalle.com\/wp-content\/uploads\/2025\/10\/Assorivalle-1-3.png\",\"width\":512,\"height\":512},{\"@type\":\"BreadcrumbList\",\"@id\":\"https:\/\/asoorivalle.com\/#breadcrumb\",\"itemListElement\":[{\"@type\":\"ListItem\",\"position\":1,\"name\":\"Inicio\",\"item\":\"https:\/\/asoorivalle.com\/\"},{\"@type\":\"ListItem\",\"position\":2,\"name\":\"Home\"}]},{\"@type\":\"WebSite\",\"@id\":\"https:\/\/asoorivalle.com\/#website\",\"url\":\"https:\/\/asoorivalle.com\/\",\"name\":\"Asoorivalle\",\"description\":\"\",\"publisher\":{\"@id\":\"https:\/\/asoorivalle.com\/#organization\"},\"potentialAction\":[{\"@type\":\"SearchAction\",\"target\":{\"@type\":\"EntryPoint\",\"urlTemplate\":\"https:\/\/asoorivalle.com\/?s={search_term_string}\"},\"query-input\":{\"@type\":\"PropertyValueSpecification\",\"valueRequired\":true,\"valueName\":\"search_term_string\"}}],\"inLanguage\":\"es-CO\"},{\"@type\":\"Organization\",\"@id\":\"https:\/\/asoorivalle.com\/#organization\",\"name\":\"Asoorivalle\",\"url\":\"https:\/\/asoorivalle.com\/\",\"logo\":{\"@type\":\"ImageObject\",\"inLanguage\":\"es-CO\",\"@id\":\"https:\/\/asoorivalle.com\/#\/schema\/logo\/image\/\",\"url\":\"https:\/\/asoorivalle.com\/wp-content\/uploads\/2025\/10\/Assorivalle.png\",\"contentUrl\":\"https:\/\/asoorivalle.com\/wp-content\/uploads\/2025\/10\/Assorivalle.png\",\"width\":200,\"height\":40,\"caption\":\"Asoorivalle\"},\"image\":{\"@id\":\"https:\/\/asoorivalle.com\/#\/schema\/logo\/image\/\"}}]}<\/script>\n<!-- \/ Yoast SEO plugin. -->","yoast_head_json":{"title":"Home - Asoorivalle","robots":{"index":"index","follow":"follow","max-snippet":"max-snippet:-1","max-image-preview":"max-image-preview:large","max-video-preview":"max-video-preview:-1"},"canonical":"https:\/\/asoorivalle.com\/","og_locale":"es_ES","og_type":"article","og_title":"Home - Asoorivalle","og_description":"\u00bfQu\u00e9 somos? Lorem fistrum por la gloria de mi madre esse jarl aliqua llevame al&hellip;","og_url":"https:\/\/asoorivalle.com\/","og_site_name":"Asoorivalle","article_modified_time":"2025-10-06T21:01:22+00:00","og_image":[{"width":512,"height":512,"url":"https:\/\/asoorivalle.com\/wp-content\/uploads\/2025\/10\/Assorivalle-1-3.png","type":"image\/png"}],"twitter_card":"summary_large_image","twitter_misc":{"Tiempo de lectura":"3 minutos"},"schema":{"@context":"https:\/\/schema.org","@graph":[{"@type":"WebPage","@id":"https:\/\/asoorivalle.com\/","url":"https:\/\/asoorivalle.com\/","name":"Home - Asoorivalle","isPartOf":{"@id":"https:\/\/asoorivalle.com\/#website"},"primaryImageOfPage":{"@id":"https:\/\/asoorivalle.com\/#primaryimage"},"image":{"@id":"https:\/\/asoorivalle.com\/#primaryimage"},"thumbnailUrl":"https:\/\/asoorivalle.com\/wp-content\/uploads\/2025\/10\/Assorivalle-1-3.png","datePublished":"2025-10-05T23:34:42+00:00","dateModified":"2025-10-06T21:01:22+00:00","breadcrumb":{"@id":"https:\/\/asoorivalle.com\/#breadcrumb"},"inLanguage":"es-CO","potentialAction":[{"@type":"ReadAction","target":["https:\/\/asoorivalle.com\/"]}]},{"@type":"ImageObject","inLanguage":"es-CO","@id":"https:\/\/asoorivalle.com\/#primaryimage","url":"https:\/\/asoorivalle.com\/wp-content\/uploads\/2025\/10\/Assorivalle-1-3.png","contentUrl":"https:\/\/asoorivalle.com\/wp-content\/uploads\/2025\/10\/Assorivalle-1-3.png","width":512,"height":512},{"@type":"BreadcrumbList","@id":"https:\/\/asoorivalle.com\/#breadcrumb","itemListElement":[{"@type":"ListItem","position":1,"name":"Inicio","item":"https:\/\/asoorivalle.com\/"},{"@type":"ListItem","position":2,"name":"Home"}]},{"@type":"WebSite","@id":"https:\/\/asoorivalle.com\/#website","url":"https:\/\/asoorivalle.com\/","name":"Asoorivalle","description":"","publisher":{"@id":"https:\/\/asoorivalle.com\/#organization"},"potentialAction":[{"@type":"SearchAction","target":{"@type":"EntryPoint","urlTemplate":"https:\/\/asoorivalle.com\/?s={search_term_string}"},"query-input":{"@type":"PropertyValueSpecification","valueRequired":true,"valueName":"search_term_string"}}],"inLanguage":"es-CO"},{"@type":"Organization","@id":"https:\/\/asoorivalle.com\/#organization","name":"Asoorivalle","url":"https:\/\/asoorivalle.com\/","logo":{"@type":"ImageObject","inLanguage":"es-CO","@id":"https:\/\/asoorivalle.com\/#\/schema\/logo\/image\/","url":"https:\/\/asoorivalle.com\/wp-content\/uploads\/2025\/10\/Assorivalle.png","contentUrl":"https:\/\/asoorivalle.com\/wp-content\/uploads\/2025\/10\/Assorivalle.png","width":200,"height":40,"caption":"Asoorivalle"},"image":{"@id":"https:\/\/asoorivalle.com\/#\/schema\/logo\/image\/"}}]}},"_links":{"self":[{"href":"https:\/\/asoorivalle.com\/index.php?rest_route=\/wp\/v2\/pages\/13","targetHints":{"allow":["GET"]}}],"collection":[{"href":"https:\/\/asoorivalle.com\/index.php?rest_route=\/wp\/v2\/pages"}],"about":[{"href":"https:\/\/asoorivalle.com\/index.php?rest_route=\/wp\/v2\/types\/page"}],"author":[{"embeddable":true,"href":"https:\/\/asoorivalle.com\/index.php?rest_route=\/wp\/v2\/users\/1"}],"replies":[{"embeddable":true,"href":"https:\/\/asoorivalle.com\/index.php?rest_route=%2Fwp%2Fv2%2Fcomments&post=13"}],"version-history":[{"count":24,"href":"https:\/\/asoorivalle.com\/index.php?rest_route=\/wp\/v2\/pages\/13\/revisions"}],"predecessor-version":[{"id":102,"href":"https:\/\/asoorivalle.com\/index.php?rest_route=\/wp\/v2\/pages\/13\/revisions\/102"}],"wp:attachment":[{"href":"https:\/\/asoorivalle.com\/index.php?rest_route=%2Fwp%2Fv2%2Fmedia&parent=13"}],"curies":[{"name":"wp","href":"https:\/\/api.w.org\/{rel}","templated":true}]}}