{"id":2,"date":"2025-10-03T19:31:34","date_gmt":"2025-10-03T19:31:34","guid":{"rendered":"https:\/\/asoorivalle.com\/?page_id=2"},"modified":"2025-10-06T19:06:19","modified_gmt":"2025-10-06T19:06:19","slug":"sample-page","status":"publish","type":"page","link":"https:\/\/asoorivalle.com\/?page_id=2","title":{"rendered":"Informaci\u00f3n"},"content":{"rendered":"\t\t<div data-elementor-type=\"wp-page\" data-elementor-id=\"2\" class=\"elementor elementor-2\">\n\t\t\t\t<div class=\"elementor-element elementor-element-a3ba378 e-flex e-con-boxed e-con e-parent\" data-id=\"a3ba378\" data-element_type=\"container\">\n\t\t\t\t\t<div class=\"e-con-inner\">\n\t\t\t\t<div class=\"elementor-element elementor-element-3c4a160 elementor-widget elementor-widget-heading\" data-id=\"3c4a160\" data-element_type=\"widget\" data-widget_type=\"heading.default\">\n\t\t\t\t\t<h3 class=\"elementor-heading-title elementor-size-default\">\u00a1ASORIENTADORES\nSOCIALES!<\/h3>\t\t\t\t<\/div>\n\t\t\t\t\t<\/div>\n\t\t\t\t<\/div>\n\t\t<div class=\"elementor-element elementor-element-7e127673 e-flex e-con-boxed e-con e-parent\" data-id=\"7e127673\" data-element_type=\"container\">\n\t\t\t\t\t<div class=\"e-con-inner\">\n\t\t\t\t<div class=\"elementor-element elementor-element-573b947 elementor-widget elementor-widget-text-editor\" data-id=\"573b947\" data-element_type=\"widget\" data-widget_type=\"text-editor.default\">\n\t\t\t\t\t\t\t\t\t\n\n\t\t\t\t\t\t\t\t<\/div>\n\t\t\t\t\t<\/div>\n\t\t\t\t<\/div>\n\t\t<div class=\"elementor-element elementor-element-1e5d5ae e-flex e-con-boxed e-con e-parent\" data-id=\"1e5d5ae\" data-element_type=\"container\">\n\t\t\t\t\t<div class=\"e-con-inner\">\n\t\t\t\t<div class=\"elementor-element elementor-element-87c8c52 elementor-widget elementor-widget-html\" data-id=\"87c8c52\" data-element_type=\"widget\" data-widget_type=\"html.default\">\n\t\t\t\t\t<h2>Quienes Somos<\/h2>\r\n<p style=\"text-align: center;\">Somos una organizaci\u00f3n sindical sin \u00e1nimo de lucro, nuestro nombre: La Asociaci\u00f3n Nacional Sindical de Orientadoras\/es Sociales de Colombia (ASORIENTADORES SOCIALES) agrupa a personas que trabajen en el \u00e1mbito educativo, tanto en el sector p\u00fablico como privado. Con el objetivo de transformarm constuyamos unidad y orietaci\u00f3n popular.<\/p>\r\n<h3 style=\"text-align: center;\"><a href=\"https:\/\/asoorivalle.com\/?page_id=2\">Af\u00edliese aqu\u00ed<\/a><\/h3>\r\n\r\n<h3 style=\"text-align: center;\"><a href=\"https:\/\/api.whatsapp.com\/send?phone=573103472468\">Ll\u00e1menos Hoy, Asesor\u00edas Gratuitas<\/a><\/h3>\r\n\r\n\t\t\t\t<\/div>\n\t\t\t\t\t<\/div>\n\t\t\t\t<\/div>\n\t\t<div class=\"elementor-element elementor-element-5989180 e-flex e-con-boxed e-con e-parent\" data-id=\"5989180\" data-element_type=\"container\">\n\t\t\t\t\t<div class=\"e-con-inner\">\n\t\t\t\t<div class=\"elementor-element elementor-element-e8fe63c elementor-widget elementor-widget-heading\" data-id=\"e8fe63c\" data-element_type=\"widget\" data-widget_type=\"heading.default\">\n\t\t\t\t\t<h2 class=\"elementor-heading-title elementor-size-default\">Beneficios:<\/h2>\t\t\t\t<\/div>\n\t\t\t\t\t<\/div>\n\t\t\t\t<\/div>\n\t\t<div class=\"elementor-element elementor-element-f495bc8 e-con-full e-flex e-con e-parent\" data-id=\"f495bc8\" data-element_type=\"container\">\n\t\t\t\t<div class=\"elementor-element elementor-element-244bf6c elementor-widget elementor-widget-text-editor\" data-id=\"244bf6c\" data-element_type=\"widget\" data-widget_type=\"text-editor.default\">\n\t\t\t\t\t\t\t\t\t<p><span style=\"color: #000000;\"><strong>&#8211; Espacios de formaci\u00f3n politico\/gremial:<\/strong><\/span><\/p>\n<p><span style=\"color: #333333; text-align: center; font-size: 1.74rem;\">Recibir los cursos de inducci\u00f3n, educaci\u00f3n, formaci\u00f3n sindical y capacitaci\u00f3n u otros que programen las juntas directivas (nacional, departamental y municipal) con base en la programaci\u00f3n que se determine.<\/span><\/p>\n<p><img decoding=\"async\" class=\"aligncenter\" src=\"https:\/\/asoorivalle.com\/wp-content\/uploads\/2025\/10\/Assorivalle-1-2.png\" alt=\"Imagen\" width=\"146\" height=\"146\" \/><\/p>\t\t\t\t\t\t\t\t<\/div>\n\t\t\t\t<div class=\"elementor-element elementor-element-6ef5fc5 elementor-widget elementor-widget-text-editor\" data-id=\"6ef5fc5\" data-element_type=\"widget\" data-widget_type=\"text-editor.default\">\n\t\t\t\t\t\t\t\t\t<p><span style=\"color: #000000;\"><strong>&#8211; Participar de la Junta Directiva:<\/strong><\/span><\/p>\n<p><span style=\"color: #333333; text-align: center; font-size: 1.74rem;\">Participar en las reuniones de la junta directiva, incluyendo a los compa\u00f1eros suplentes convocados cuando la junta lo solicite o sea invitado con derecho a voz dentro del desarrollo la misma.<\/span><\/p>\n<p><img decoding=\"async\" class=\"aligncenter\" src=\"https:\/\/asoorivalle.com\/wp-content\/uploads\/2025\/10\/Assorivalle-1-2.png\" alt=\"Imagen\" width=\"146\" height=\"146\" \/><\/p>\t\t\t\t\t\t\t\t<\/div>\n\t\t\t\t<div class=\"elementor-element elementor-element-d548a0d elementor-widget elementor-widget-text-editor\" data-id=\"d548a0d\" data-element_type=\"widget\" data-widget_type=\"text-editor.default\">\n\t\t\t\t\t\t\t\t\t<p><span style=\"color: #000000;\"><strong>&#8211; Solidaridad Organizativa:<\/strong><\/span><\/p>\n<p><span style=\"color: #333333;\">Recibir la solidaridad, acompa\u00f1amiento y respaldo del sindicato en caso de despido injusto o por causas de su actividad sindical, social, religiosa, filos\u00f3fica y\/o pol\u00edtica, racial, \u00e9tnica y\/o por roles de g\u00e9nero, sexo u orientaci\u00f3n sexual, discapacidad, regionalismo y\/o Xenofobia.<\/span><\/p>\n<p><img decoding=\"async\" class=\"aligncenter\" src=\"https:\/\/asoorivalle.com\/wp-content\/uploads\/2025\/10\/Assorivalle-1-2.png\" alt=\"Imagen\" width=\"146\" height=\"146\" \/><\/p>\t\t\t\t\t\t\t\t<\/div>\n\t\t\t\t<div class=\"elementor-element elementor-element-3ac4887 elementor-widget elementor-widget-text-editor\" data-id=\"3ac4887\" data-element_type=\"widget\" data-widget_type=\"text-editor.default\">\n\t\t\t\t\t\t\t\t\t<p><span style=\"color: #000000;\"><strong>&#8211; Participar de la Junta Directiva:<\/strong><\/span><\/p>\n<p><span style=\"color: #333333; text-align: center; font-size: 1.74rem;\">Participar en las reuniones de la junta directiva, incluyendo a los compa\u00f1eros suplentes convocados cuando la junta lo solicite o sea invitado con derecho a voz dentro del desarrollo la misma.<\/span><\/p>\n<p><img decoding=\"async\" class=\"aligncenter\" src=\"https:\/\/asoorivalle.com\/wp-content\/uploads\/2025\/10\/Assorivalle-1-2.png\" alt=\"Imagen\" width=\"146\" height=\"146\" \/><\/p>\t\t\t\t\t\t\t\t<\/div>\n\t\t\t\t<\/div>\n\t\t\t\t<\/div>\n\t\t","protected":false},"excerpt":{"rendered":"<p>\u00a1ASORIENTADORES SOCIALES! Quienes Somos Somos una organizaci\u00f3n sindical sin \u00e1nimo de lucro, nuestro nombre: La&hellip;<\/p>\n","protected":false},"author":1,"featured_media":0,"parent":0,"menu_order":0,"comment_status":"closed","ping_status":"open","template":"","meta":{"footnotes":""},"class_list":["post-2","page","type-page","status-publish","hentry"],"yoast_head":"<!-- This site is optimized with the Yoast SEO plugin v26.0 - https:\/\/yoast.com\/wordpress\/plugins\/seo\/ -->\n<title>Informaci\u00f3n - Asoorivalle<\/title>\n<meta name=\"robots\" content=\"index, follow, max-snippet:-1, max-image-preview:large, max-video-preview:-1\" \/>\n<link rel=\"canonical\" href=\"https:\/\/asoorivalle.com\/?page_id=2\" \/>\n<meta property=\"og:locale\" content=\"es_ES\" \/>\n<meta property=\"og:type\" content=\"article\" \/>\n<meta property=\"og:title\" content=\"Informaci\u00f3n - Asoorivalle\" \/>\n<meta property=\"og:description\" content=\"\u00a1ASORIENTADORES SOCIALES! Quienes Somos Somos una organizaci\u00f3n sindical sin \u00e1nimo de lucro, nuestro nombre: La&hellip;\" \/>\n<meta property=\"og:url\" content=\"https:\/\/asoorivalle.com\/?page_id=2\" \/>\n<meta property=\"og:site_name\" content=\"Asoorivalle\" \/>\n<meta property=\"article:modified_time\" content=\"2025-10-06T19:06:19+00:00\" \/>\n<meta property=\"og:image\" content=\"https:\/\/asoorivalle.com\/wp-content\/uploads\/2025\/10\/Assorivalle-1-2.png\" \/>\n<meta name=\"twitter:card\" content=\"summary_large_image\" \/>\n<meta name=\"twitter:label1\" content=\"Tiempo de lectura\" \/>\n\t<meta name=\"twitter:data1\" content=\"2 minutos\" \/>\n<script type=\"application\/ld+json\" class=\"yoast-schema-graph\">{\"@context\":\"https:\/\/schema.org\",\"@graph\":[{\"@type\":\"WebPage\",\"@id\":\"https:\/\/asoorivalle.com\/?page_id=2\",\"url\":\"https:\/\/asoorivalle.com\/?page_id=2\",\"name\":\"Informaci\u00f3n - Asoorivalle\",\"isPartOf\":{\"@id\":\"https:\/\/asoorivalle.com\/#website\"},\"primaryImageOfPage\":{\"@id\":\"https:\/\/asoorivalle.com\/?page_id=2#primaryimage\"},\"image\":{\"@id\":\"https:\/\/asoorivalle.com\/?page_id=2#primaryimage\"},\"thumbnailUrl\":\"https:\/\/asoorivalle.com\/wp-content\/uploads\/2025\/10\/Assorivalle-1-2.png\",\"datePublished\":\"2025-10-03T19:31:34+00:00\",\"dateModified\":\"2025-10-06T19:06:19+00:00\",\"breadcrumb\":{\"@id\":\"https:\/\/asoorivalle.com\/?page_id=2#breadcrumb\"},\"inLanguage\":\"es-CO\",\"potentialAction\":[{\"@type\":\"ReadAction\",\"target\":[\"https:\/\/asoorivalle.com\/?page_id=2\"]}]},{\"@type\":\"ImageObject\",\"inLanguage\":\"es-CO\",\"@id\":\"https:\/\/asoorivalle.com\/?page_id=2#primaryimage\",\"url\":\"https:\/\/asoorivalle.com\/wp-content\/uploads\/2025\/10\/Assorivalle-1-2.png\",\"contentUrl\":\"https:\/\/asoorivalle.com\/wp-content\/uploads\/2025\/10\/Assorivalle-1-2.png\",\"width\":512,\"height\":512},{\"@type\":\"BreadcrumbList\",\"@id\":\"https:\/\/asoorivalle.com\/?page_id=2#breadcrumb\",\"itemListElement\":[{\"@type\":\"ListItem\",\"position\":1,\"name\":\"Inicio\",\"item\":\"https:\/\/asoorivalle.com\/\"},{\"@type\":\"ListItem\",\"position\":2,\"name\":\"Informaci\u00f3n\"}]},{\"@type\":\"WebSite\",\"@id\":\"https:\/\/asoorivalle.com\/#website\",\"url\":\"https:\/\/asoorivalle.com\/\",\"name\":\"Asoorivalle\",\"description\":\"\",\"publisher\":{\"@id\":\"https:\/\/asoorivalle.com\/#organization\"},\"potentialAction\":[{\"@type\":\"SearchAction\",\"target\":{\"@type\":\"EntryPoint\",\"urlTemplate\":\"https:\/\/asoorivalle.com\/?s={search_term_string}\"},\"query-input\":{\"@type\":\"PropertyValueSpecification\",\"valueRequired\":true,\"valueName\":\"search_term_string\"}}],\"inLanguage\":\"es-CO\"},{\"@type\":\"Organization\",\"@id\":\"https:\/\/asoorivalle.com\/#organization\",\"name\":\"Asoorivalle\",\"url\":\"https:\/\/asoorivalle.com\/\",\"logo\":{\"@type\":\"ImageObject\",\"inLanguage\":\"es-CO\",\"@id\":\"https:\/\/asoorivalle.com\/#\/schema\/logo\/image\/\",\"url\":\"https:\/\/asoorivalle.com\/wp-content\/uploads\/2025\/10\/Assorivalle.png\",\"contentUrl\":\"https:\/\/asoorivalle.com\/wp-content\/uploads\/2025\/10\/Assorivalle.png\",\"width\":200,\"height\":40,\"caption\":\"Asoorivalle\"},\"image\":{\"@id\":\"https:\/\/asoorivalle.com\/#\/schema\/logo\/image\/\"}}]}<\/script>\n<!-- \/ Yoast SEO plugin. -->","yoast_head_json":{"title":"Informaci\u00f3n - Asoorivalle","robots":{"index":"index","follow":"follow","max-snippet":"max-snippet:-1","max-image-preview":"max-image-preview:large","max-video-preview":"max-video-preview:-1"},"canonical":"https:\/\/asoorivalle.com\/?page_id=2","og_locale":"es_ES","og_type":"article","og_title":"Informaci\u00f3n - Asoorivalle","og_description":"\u00a1ASORIENTADORES SOCIALES! Quienes Somos Somos una organizaci\u00f3n sindical sin \u00e1nimo de lucro, nuestro nombre: La&hellip;","og_url":"https:\/\/asoorivalle.com\/?page_id=2","og_site_name":"Asoorivalle","article_modified_time":"2025-10-06T19:06:19+00:00","og_image":[{"url":"https:\/\/asoorivalle.com\/wp-content\/uploads\/2025\/10\/Assorivalle-1-2.png","type":"","width":"","height":""}],"twitter_card":"summary_large_image","twitter_misc":{"Tiempo de lectura":"2 minutos"},"schema":{"@context":"https:\/\/schema.org","@graph":[{"@type":"WebPage","@id":"https:\/\/asoorivalle.com\/?page_id=2","url":"https:\/\/asoorivalle.com\/?page_id=2","name":"Informaci\u00f3n - Asoorivalle","isPartOf":{"@id":"https:\/\/asoorivalle.com\/#website"},"primaryImageOfPage":{"@id":"https:\/\/asoorivalle.com\/?page_id=2#primaryimage"},"image":{"@id":"https:\/\/asoorivalle.com\/?page_id=2#primaryimage"},"thumbnailUrl":"https:\/\/asoorivalle.com\/wp-content\/uploads\/2025\/10\/Assorivalle-1-2.png","datePublished":"2025-10-03T19:31:34+00:00","dateModified":"2025-10-06T19:06:19+00:00","breadcrumb":{"@id":"https:\/\/asoorivalle.com\/?page_id=2#breadcrumb"},"inLanguage":"es-CO","potentialAction":[{"@type":"ReadAction","target":["https:\/\/asoorivalle.com\/?page_id=2"]}]},{"@type":"ImageObject","inLanguage":"es-CO","@id":"https:\/\/asoorivalle.com\/?page_id=2#primaryimage","url":"https:\/\/asoorivalle.com\/wp-content\/uploads\/2025\/10\/Assorivalle-1-2.png","contentUrl":"https:\/\/asoorivalle.com\/wp-content\/uploads\/2025\/10\/Assorivalle-1-2.png","width":512,"height":512},{"@type":"BreadcrumbList","@id":"https:\/\/asoorivalle.com\/?page_id=2#breadcrumb","itemListElement":[{"@type":"ListItem","position":1,"name":"Inicio","item":"https:\/\/asoorivalle.com\/"},{"@type":"ListItem","position":2,"name":"Informaci\u00f3n"}]},{"@type":"WebSite","@id":"https:\/\/asoorivalle.com\/#website","url":"https:\/\/asoorivalle.com\/","name":"Asoorivalle","description":"","publisher":{"@id":"https:\/\/asoorivalle.com\/#organization"},"potentialAction":[{"@type":"SearchAction","target":{"@type":"EntryPoint","urlTemplate":"https:\/\/asoorivalle.com\/?s={search_term_string}"},"query-input":{"@type":"PropertyValueSpecification","valueRequired":true,"valueName":"search_term_string"}}],"inLanguage":"es-CO"},{"@type":"Organization","@id":"https:\/\/asoorivalle.com\/#organization","name":"Asoorivalle","url":"https:\/\/asoorivalle.com\/","logo":{"@type":"ImageObject","inLanguage":"es-CO","@id":"https:\/\/asoorivalle.com\/#\/schema\/logo\/image\/","url":"https:\/\/asoorivalle.com\/wp-content\/uploads\/2025\/10\/Assorivalle.png","contentUrl":"https:\/\/asoorivalle.com\/wp-content\/uploads\/2025\/10\/Assorivalle.png","width":200,"height":40,"caption":"Asoorivalle"},"image":{"@id":"https:\/\/asoorivalle.com\/#\/schema\/logo\/image\/"}}]}},"_links":{"self":[{"href":"https:\/\/asoorivalle.com\/index.php?rest_route=\/wp\/v2\/pages\/2","targetHints":{"allow":["GET"]}}],"collection":[{"href":"https:\/\/asoorivalle.com\/index.php?rest_route=\/wp\/v2\/pages"}],"about":[{"href":"https:\/\/asoorivalle.com\/index.php?rest_route=\/wp\/v2\/types\/page"}],"author":[{"embeddable":true,"href":"https:\/\/asoorivalle.com\/index.php?rest_route=\/wp\/v2\/users\/1"}],"replies":[{"embeddable":true,"href":"https:\/\/asoorivalle.com\/index.php?rest_route=%2Fwp%2Fv2%2Fcomments&post=2"}],"version-history":[{"count":11,"href":"https:\/\/asoorivalle.com\/index.php?rest_route=\/wp\/v2\/pages\/2\/revisions"}],"predecessor-version":[{"id":90,"href":"https:\/\/asoorivalle.com\/index.php?rest_route=\/wp\/v2\/pages\/2\/revisions\/90"}],"wp:attachment":[{"href":"https:\/\/asoorivalle.com\/index.php?rest_route=%2Fwp%2Fv2%2Fmedia&parent=2"}],"curies":[{"name":"wp","href":"https:\/\/api.w.org\/{rel}","templated":true}]}}