{"id":65,"date":"2025-10-06T17:43:49","date_gmt":"2025-10-06T17:43:49","guid":{"rendered":"https:\/\/asoorivalle.com\/?page_id=65"},"modified":"2025-10-06T18:45:38","modified_gmt":"2025-10-06T18:45:38","slug":"elementor-pagina-65","status":"publish","type":"page","link":"https:\/\/asoorivalle.com\/?page_id=65","title":{"rendered":"Junta Directiva &#8211; Asamblea"},"content":{"rendered":"\t\t<div data-elementor-type=\"wp-page\" data-elementor-id=\"65\" class=\"elementor elementor-65\">\n\t\t\t\t<div class=\"elementor-element elementor-element-fee099f e-flex e-con-boxed e-con e-parent\" data-id=\"fee099f\" data-element_type=\"container\">\n\t\t\t\t\t<div class=\"e-con-inner\">\n\t\t\t\t<div class=\"elementor-element elementor-element-b43eef8 elementor-widget elementor-widget-html\" data-id=\"b43eef8\" data-element_type=\"widget\" data-widget_type=\"html.default\">\n\t\t\t\t\t<h2>ORGANISMOS DIRECTIVOS A NIVEL SINDICAL:<\/h2>\r\n<p>La asamblea general de delegados (as) es la m\u00e1xima autoridad del sindicato y estar\u00e1 constituida por los(as) afiliados(as) que firmaron el acta fundacional y cumplan con los requisitos estatutarios y los requisitos emanados de la junta directiva para la realizaci\u00f3n de la asamblea.<\/p>\r\n<h5>Orden Jerarquico<\/h5>\r\n<p>1.\tLa Asamblea General de delegados (as)<p>\r\n<p> 2.\tLa Junta Directiva Nacional<p>\r\n<p>3.\tSubdirectivas Regionales, Departamentales, Municipales y Comit\u00e9s.<p>\t\t\t\t<\/div>\n\t\t\t\t<div class=\"elementor-element elementor-element-29f49ef elementor-widget elementor-widget-html\" data-id=\"29f49ef\" data-element_type=\"widget\" data-widget_type=\"html.default\">\n\t\t\t\t\t<h2>LA ASAMBLEA GENERAL DE DELEGADOS:<\/h2>\r\n<p>La asamblea general de delegados(as) se reunir\u00e1 por lo menos una\r\n(1) vez al a\u00f1o y extraordinariamente cuando sea convocada por la junta directiva nacional. Esta sesionar\u00e1 v\u00e1lidamente con la mitad m\u00e1s uno 1 de sus asamble\u00edstas fundacionales, debidamente acreditados. Pasada la media hora de espera y no se encontrase el quorum decisorio, esta podr\u00e1 deliberar y decidir v\u00e1lidamente con un porcentaje del 20% del total de los (as) asamble\u00edstas fundacionales. De no encontrarse reunido este porcentaje, se convocar\u00e1 por segunda vez, all\u00ed se tomar\u00e1n decisiones con los(as) asamble\u00edstas fundacionales asistentes.<\/p>\r\n<h5>Son funciones de la asamblea general de delegados:<\/h5>\r\n<p> A)\tLeer y aprobar del acta anterior de la asamblea general y\/o extraordinaria de delegados oficiales anterior.<\/p>\r\n \r\n<p> B)\tRevisar y modificar los estatutos de acuerdo a las necesidades y requerimientos para el adecuado funcionamiento de la organizaci\u00f3n sindical.<p>\r\n\r\n<p> C)\tEstudiar la conveniencia de realizar fusi\u00f3n con otros sindicatos y en caso de ser aprobada esta fusi\u00f3n, realizar los procedimientos legales correspondientes.<p>\r\n\r\n<p> D)\tEstudiar, modificar y aprobar el presupuesto general que presente la junta directiva nacional, departamental y municipal.<p>\r\n\r\n<p> E)\tDar resoluci\u00f3n a las apelaciones que se presenten contra la aplicaci\u00f3n de sanciones que realice la asamblea general de las subdirectivas o definir en \u00fanica instancia la aplicaci\u00f3n de sanciones a integrantes de la junta directiva nacional, departamental y\/o municipal por faltas cometidas en el ejercicio de sus cargos, lo anterior, aplicando el debido proceso.<p>\r\n\r\n<p> F)\tRealizar seguimiento a los estados financieros y balances del sindicato.<p>\r\n\r\n<p> G)\tDeterminar en caso de ser necesario, la cuant\u00eda de la p\u00f3liza de cauci\u00f3n del responsable de la tesorer\u00eda nacional, departamental y\/o municipal.<p>\r\n\r\n<p> H)\tElegir los (as) delegados(as) oficiales a los congresos gremiales o sindicales.<p>\r\n\r\n<p> I)\tAprobar el pliego de peticiones para los(as) trabajadores(as) y los acuerdos para los(as) empleados(as) a la vez que, nombrar comisiones negociadoras en el \u00e1mbito nacional, departamental y\/o municipal.<p>\r\n\r\n<p> J)\tComprar, vender o sesionar bienes que se requieran para el beneficio de la organizaci\u00f3n sindical.<p>\r\n\r\n<p> K)\tAprobar la declaraci\u00f3n de principios del programa, del plan estrat\u00e9gico y de los proyectos de trabajo del sindicato.<p>\r\n\r\n<p> L)\tDefinir las afiliaciones o desafiliaciones a organizaciones sindicales nacionales o internacionales.<p>\r\n\t\t\t\t<\/div>\n\t\t\t\t<div class=\"elementor-element elementor-element-0df33da elementor-widget elementor-widget-image\" data-id=\"0df33da\" data-element_type=\"widget\" data-widget_type=\"image.default\">\n\t\t\t\t\t\t\t\t\t\t\t\t\t\t\t<img decoding=\"async\" width=\"200\" height=\"40\" src=\"https:\/\/asoorivalle.com\/wp-content\/uploads\/2025\/10\/Assorivalle.png\" class=\"attachment-2048x2048 size-2048x2048 wp-image-20\" alt=\"\" \/>\t\t\t\t\t\t\t\t\t\t\t\t\t\t\t<\/div>\n\t\t\t\t<div class=\"elementor-element elementor-element-d96ed50 elementor-widget elementor-widget-heading\" data-id=\"d96ed50\" data-element_type=\"widget\" data-widget_type=\"heading.default\">\n\t\t\t\t\t<h2 class=\"elementor-heading-title elementor-size-default\">\u00bfDeseas conocer m\u00e1s? Escribenos<\/h2>\t\t\t\t<\/div>\n\t\t\t\t\t<\/div>\n\t\t\t\t<\/div>\n\t\t<div class=\"elementor-element elementor-element-d061eba e-flex e-con-boxed e-con e-parent\" data-id=\"d061eba\" data-element_type=\"container\">\n\t\t\t\t\t<div class=\"e-con-inner\">\n\t\t\t\t<div class=\"elementor-element elementor-element-8c128ef elementor-widget elementor-widget-wpforms\" data-id=\"8c128ef\" data-element_type=\"widget\" data-widget_type=\"wpforms.default\">\n\t\t\t\t<div class=\"elementor-widget-container\">\n\t\t\t\t\t<div class=\"wpforms-container wpforms-container-full wpforms-render-modern\" id=\"wpforms-38\"><form id=\"wpforms-form-38\" class=\"wpforms-validate wpforms-form wpforms-ajax-form\" data-formid=\"38\" method=\"post\" enctype=\"multipart\/form-data\" action=\"\/index.php?rest_route=%2Fwp%2Fv2%2Fpages%2F65\" data-token=\"b8a0e36ce692d6462c431110a2fc331c\" data-token-time=\"1776344633\"><noscript class=\"wpforms-error-noscript\">Por favor, activa JavaScript en tu navegador para completar este formulario.<\/noscript><div id=\"wpforms-error-noscript\" style=\"display: none;\">Por favor, activa JavaScript en tu navegador para completar este formulario.<\/div><div class=\"wpforms-field-container\">\t\t<div id=\"wpforms-38-field_2-container\"\n\t\t\tclass=\"wpforms-field wpforms-field-text\"\n\t\t\tdata-field-type=\"text\"\n\t\t\tdata-field-id=\"2\"\n\t\t\t>\n\t\t\t<label class=\"wpforms-field-label\" for=\"wpforms-38-field_2\" >tel\u00e9fono Municipio N\u00famero<\/label>\n\t\t\t<input type=\"text\" id=\"wpforms-38-field_2\" class=\"wpforms-field-medium\" name=\"wpforms[fields][2]\" >\n\t\t<\/div>\n\t\t<div id=\"wpforms-38-field_1-container\" class=\"wpforms-field wpforms-field-name\" data-field-id=\"1\"><fieldset><legend class=\"wpforms-field-label\">Nombre y Apellido<\/legend><div class=\"wpforms-field-row wpforms-field-medium\"><div class=\"wpforms-field-row-block wpforms-first wpforms-one-half\"><input type=\"text\" id=\"wpforms-38-field_1\" class=\"wpforms-field-name-first\" name=\"wpforms[fields][1][first]\" aria-errormessage=\"wpforms-38-field_1-error\" ><label for=\"wpforms-38-field_1\" class=\"wpforms-field-sublabel after\">Nombre<\/label><\/div><div class=\"wpforms-field-row-block wpforms-one-half\"><input type=\"text\" id=\"wpforms-38-field_1-last\" class=\"wpforms-field-name-last\" name=\"wpforms[fields][1][last]\" aria-errormessage=\"wpforms-38-field_1-last-error\" ><label for=\"wpforms-38-field_1-last\" class=\"wpforms-field-sublabel after\">Apellidos<\/label><\/div><\/div><\/fieldset><\/div><div id=\"wpforms-38-field_3-container\" class=\"wpforms-field wpforms-field-text\" data-field-id=\"3\"><label class=\"wpforms-field-label\" for=\"wpforms-38-field_3\">Municipio de residencia<\/label><input type=\"text\" id=\"wpforms-38-field_3\" class=\"wpforms-field-medium\" name=\"wpforms[fields][3]\" aria-errormessage=\"wpforms-38-field_3-error\" ><\/div><div id=\"wpforms-38-field_6-container\" class=\"wpforms-field wpforms-field-text\" data-field-id=\"6\"><label class=\"wpforms-field-label\" for=\"wpforms-38-field_6\">N\u00famero de tel\u00e9fono<\/label><input type=\"text\" id=\"wpforms-38-field_6\" class=\"wpforms-field-medium\" name=\"wpforms[fields][6]\" aria-errormessage=\"wpforms-38-field_6-error\" ><\/div><div id=\"wpforms-38-field_5-container\" class=\"wpforms-field wpforms-field-email\" data-field-id=\"5\"><label class=\"wpforms-field-label\" for=\"wpforms-38-field_5\">Correo electr\u00f3nico<\/label><input type=\"email\" id=\"wpforms-38-field_5\" class=\"wpforms-field-medium\" name=\"wpforms[fields][5]\" spellcheck=\"false\" aria-errormessage=\"wpforms-38-field_5-error\" ><\/div><script>\n\t\t\t\t( function() {\n\t\t\t\t\tconst style = document.createElement( 'style' );\n\t\t\t\t\tstyle.appendChild( document.createTextNode( '#wpforms-38-field_2-container { position: absolute !important; overflow: hidden !important; display: inline !important; height: 1px !important; width: 1px !important; z-index: -1000 !important; padding: 0 !important; } #wpforms-38-field_2-container input { visibility: hidden; } #wpforms-conversational-form-page #wpforms-38-field_2-container label { counter-increment: none; }' ) );\n\t\t\t\t\tdocument.head.appendChild( style );\n\t\t\t\t\tdocument.currentScript?.remove();\n\t\t\t\t} )();\n\t\t\t<\/script><\/div><!-- .wpforms-field-container --><div class=\"wpforms-submit-container\" ><input type=\"hidden\" name=\"wpforms[id]\" value=\"38\"><input type=\"hidden\" name=\"page_title\" value=\"\"><input type=\"hidden\" name=\"page_url\" value=\"https:\/\/asoorivalle.com\/index.php?rest_route=\/wp\/v2\/pages\/65\"><input type=\"hidden\" name=\"url_referer\" value=\"\"><button type=\"submit\" name=\"wpforms[submit]\" id=\"wpforms-submit-38\" class=\"wpforms-submit\" data-alt-text=\"Enviando...\" data-submit-text=\"Enviar\" aria-live=\"assertive\" value=\"wpforms-submit\">Enviar<\/button><img decoding=\"async\" src=\"https:\/\/asoorivalle.com\/wp-content\/plugins\/wpforms-lite\/assets\/images\/submit-spin.svg\" class=\"wpforms-submit-spinner\" style=\"display: none;\" width=\"26\" height=\"26\" alt=\"Cargando\"><\/div><\/form><\/div>  <!-- .wpforms-container -->\t\t\t\t<\/div>\n\t\t\t\t<\/div>\n\t\t\t\t\t<\/div>\n\t\t\t\t<\/div>\n\t\t\t\t<\/div>\n\t\t","protected":false},"excerpt":{"rendered":"<p>ORGANISMOS DIRECTIVOS A NIVEL SINDICAL: La asamblea general de delegados (as) es la m\u00e1xima autoridad&hellip;<\/p>\n","protected":false},"author":1,"featured_media":0,"parent":0,"menu_order":0,"comment_status":"closed","ping_status":"closed","template":"","meta":{"footnotes":""},"class_list":["post-65","page","type-page","status-publish","hentry"],"yoast_head":"<!-- This site is optimized with the Yoast SEO plugin v26.0 - https:\/\/yoast.com\/wordpress\/plugins\/seo\/ -->\n<title>Junta Directiva - Asamblea - Asoorivalle<\/title>\n<meta name=\"robots\" content=\"index, follow, max-snippet:-1, max-image-preview:large, max-video-preview:-1\" \/>\n<link rel=\"canonical\" href=\"https:\/\/asoorivalle.com\/?page_id=65\" \/>\n<meta property=\"og:locale\" content=\"es_ES\" \/>\n<meta property=\"og:type\" content=\"article\" \/>\n<meta property=\"og:title\" content=\"Junta Directiva - Asamblea - Asoorivalle\" \/>\n<meta property=\"og:description\" content=\"ORGANISMOS DIRECTIVOS A NIVEL SINDICAL: La asamblea general de delegados (as) es la m\u00e1xima autoridad&hellip;\" \/>\n<meta property=\"og:url\" content=\"https:\/\/asoorivalle.com\/?page_id=65\" \/>\n<meta property=\"og:site_name\" content=\"Asoorivalle\" \/>\n<meta property=\"article:modified_time\" content=\"2025-10-06T18:45:38+00:00\" \/>\n<meta property=\"og:image\" content=\"https:\/\/asoorivalle.com\/wp-content\/uploads\/2025\/10\/Assorivalle.png\" \/>\n\t<meta property=\"og:image:width\" content=\"200\" \/>\n\t<meta property=\"og:image:height\" content=\"40\" \/>\n\t<meta property=\"og:image:type\" content=\"image\/png\" \/>\n<meta name=\"twitter:card\" content=\"summary_large_image\" \/>\n<meta name=\"twitter:label1\" content=\"Tiempo de lectura\" \/>\n\t<meta name=\"twitter:data1\" content=\"2 minutos\" \/>\n<script type=\"application\/ld+json\" class=\"yoast-schema-graph\">{\"@context\":\"https:\/\/schema.org\",\"@graph\":[{\"@type\":\"WebPage\",\"@id\":\"https:\/\/asoorivalle.com\/?page_id=65\",\"url\":\"https:\/\/asoorivalle.com\/?page_id=65\",\"name\":\"Junta Directiva - Asamblea - Asoorivalle\",\"isPartOf\":{\"@id\":\"https:\/\/asoorivalle.com\/#website\"},\"primaryImageOfPage\":{\"@id\":\"https:\/\/asoorivalle.com\/?page_id=65#primaryimage\"},\"image\":{\"@id\":\"https:\/\/asoorivalle.com\/?page_id=65#primaryimage\"},\"thumbnailUrl\":\"https:\/\/asoorivalle.com\/wp-content\/uploads\/2025\/10\/Assorivalle.png\",\"datePublished\":\"2025-10-06T17:43:49+00:00\",\"dateModified\":\"2025-10-06T18:45:38+00:00\",\"breadcrumb\":{\"@id\":\"https:\/\/asoorivalle.com\/?page_id=65#breadcrumb\"},\"inLanguage\":\"es-CO\",\"potentialAction\":[{\"@type\":\"ReadAction\",\"target\":[\"https:\/\/asoorivalle.com\/?page_id=65\"]}]},{\"@type\":\"ImageObject\",\"inLanguage\":\"es-CO\",\"@id\":\"https:\/\/asoorivalle.com\/?page_id=65#primaryimage\",\"url\":\"https:\/\/asoorivalle.com\/wp-content\/uploads\/2025\/10\/Assorivalle.png\",\"contentUrl\":\"https:\/\/asoorivalle.com\/wp-content\/uploads\/2025\/10\/Assorivalle.png\",\"width\":200,\"height\":40},{\"@type\":\"BreadcrumbList\",\"@id\":\"https:\/\/asoorivalle.com\/?page_id=65#breadcrumb\",\"itemListElement\":[{\"@type\":\"ListItem\",\"position\":1,\"name\":\"Inicio\",\"item\":\"https:\/\/asoorivalle.com\/\"},{\"@type\":\"ListItem\",\"position\":2,\"name\":\"Junta Directiva &#8211; Asamblea\"}]},{\"@type\":\"WebSite\",\"@id\":\"https:\/\/asoorivalle.com\/#website\",\"url\":\"https:\/\/asoorivalle.com\/\",\"name\":\"Asoorivalle\",\"description\":\"\",\"publisher\":{\"@id\":\"https:\/\/asoorivalle.com\/#organization\"},\"potentialAction\":[{\"@type\":\"SearchAction\",\"target\":{\"@type\":\"EntryPoint\",\"urlTemplate\":\"https:\/\/asoorivalle.com\/?s={search_term_string}\"},\"query-input\":{\"@type\":\"PropertyValueSpecification\",\"valueRequired\":true,\"valueName\":\"search_term_string\"}}],\"inLanguage\":\"es-CO\"},{\"@type\":\"Organization\",\"@id\":\"https:\/\/asoorivalle.com\/#organization\",\"name\":\"Asoorivalle\",\"url\":\"https:\/\/asoorivalle.com\/\",\"logo\":{\"@type\":\"ImageObject\",\"inLanguage\":\"es-CO\",\"@id\":\"https:\/\/asoorivalle.com\/#\/schema\/logo\/image\/\",\"url\":\"https:\/\/asoorivalle.com\/wp-content\/uploads\/2025\/10\/Assorivalle.png\",\"contentUrl\":\"https:\/\/asoorivalle.com\/wp-content\/uploads\/2025\/10\/Assorivalle.png\",\"width\":200,\"height\":40,\"caption\":\"Asoorivalle\"},\"image\":{\"@id\":\"https:\/\/asoorivalle.com\/#\/schema\/logo\/image\/\"}}]}<\/script>\n<!-- \/ Yoast SEO plugin. -->","yoast_head_json":{"title":"Junta Directiva - Asamblea - Asoorivalle","robots":{"index":"index","follow":"follow","max-snippet":"max-snippet:-1","max-image-preview":"max-image-preview:large","max-video-preview":"max-video-preview:-1"},"canonical":"https:\/\/asoorivalle.com\/?page_id=65","og_locale":"es_ES","og_type":"article","og_title":"Junta Directiva - Asamblea - Asoorivalle","og_description":"ORGANISMOS DIRECTIVOS A NIVEL SINDICAL: La asamblea general de delegados (as) es la m\u00e1xima autoridad&hellip;","og_url":"https:\/\/asoorivalle.com\/?page_id=65","og_site_name":"Asoorivalle","article_modified_time":"2025-10-06T18:45:38+00:00","og_image":[{"width":200,"height":40,"url":"https:\/\/asoorivalle.com\/wp-content\/uploads\/2025\/10\/Assorivalle.png","type":"image\/png"}],"twitter_card":"summary_large_image","twitter_misc":{"Tiempo de lectura":"2 minutos"},"schema":{"@context":"https:\/\/schema.org","@graph":[{"@type":"WebPage","@id":"https:\/\/asoorivalle.com\/?page_id=65","url":"https:\/\/asoorivalle.com\/?page_id=65","name":"Junta Directiva - Asamblea - Asoorivalle","isPartOf":{"@id":"https:\/\/asoorivalle.com\/#website"},"primaryImageOfPage":{"@id":"https:\/\/asoorivalle.com\/?page_id=65#primaryimage"},"image":{"@id":"https:\/\/asoorivalle.com\/?page_id=65#primaryimage"},"thumbnailUrl":"https:\/\/asoorivalle.com\/wp-content\/uploads\/2025\/10\/Assorivalle.png","datePublished":"2025-10-06T17:43:49+00:00","dateModified":"2025-10-06T18:45:38+00:00","breadcrumb":{"@id":"https:\/\/asoorivalle.com\/?page_id=65#breadcrumb"},"inLanguage":"es-CO","potentialAction":[{"@type":"ReadAction","target":["https:\/\/asoorivalle.com\/?page_id=65"]}]},{"@type":"ImageObject","inLanguage":"es-CO","@id":"https:\/\/asoorivalle.com\/?page_id=65#primaryimage","url":"https:\/\/asoorivalle.com\/wp-content\/uploads\/2025\/10\/Assorivalle.png","contentUrl":"https:\/\/asoorivalle.com\/wp-content\/uploads\/2025\/10\/Assorivalle.png","width":200,"height":40},{"@type":"BreadcrumbList","@id":"https:\/\/asoorivalle.com\/?page_id=65#breadcrumb","itemListElement":[{"@type":"ListItem","position":1,"name":"Inicio","item":"https:\/\/asoorivalle.com\/"},{"@type":"ListItem","position":2,"name":"Junta Directiva &#8211; Asamblea"}]},{"@type":"WebSite","@id":"https:\/\/asoorivalle.com\/#website","url":"https:\/\/asoorivalle.com\/","name":"Asoorivalle","description":"","publisher":{"@id":"https:\/\/asoorivalle.com\/#organization"},"potentialAction":[{"@type":"SearchAction","target":{"@type":"EntryPoint","urlTemplate":"https:\/\/asoorivalle.com\/?s={search_term_string}"},"query-input":{"@type":"PropertyValueSpecification","valueRequired":true,"valueName":"search_term_string"}}],"inLanguage":"es-CO"},{"@type":"Organization","@id":"https:\/\/asoorivalle.com\/#organization","name":"Asoorivalle","url":"https:\/\/asoorivalle.com\/","logo":{"@type":"ImageObject","inLanguage":"es-CO","@id":"https:\/\/asoorivalle.com\/#\/schema\/logo\/image\/","url":"https:\/\/asoorivalle.com\/wp-content\/uploads\/2025\/10\/Assorivalle.png","contentUrl":"https:\/\/asoorivalle.com\/wp-content\/uploads\/2025\/10\/Assorivalle.png","width":200,"height":40,"caption":"Asoorivalle"},"image":{"@id":"https:\/\/asoorivalle.com\/#\/schema\/logo\/image\/"}}]}},"_links":{"self":[{"href":"https:\/\/asoorivalle.com\/index.php?rest_route=\/wp\/v2\/pages\/65","targetHints":{"allow":["GET"]}}],"collection":[{"href":"https:\/\/asoorivalle.com\/index.php?rest_route=\/wp\/v2\/pages"}],"about":[{"href":"https:\/\/asoorivalle.com\/index.php?rest_route=\/wp\/v2\/types\/page"}],"author":[{"embeddable":true,"href":"https:\/\/asoorivalle.com\/index.php?rest_route=\/wp\/v2\/users\/1"}],"replies":[{"embeddable":true,"href":"https:\/\/asoorivalle.com\/index.php?rest_route=%2Fwp%2Fv2%2Fcomments&post=65"}],"version-history":[{"count":16,"href":"https:\/\/asoorivalle.com\/index.php?rest_route=\/wp\/v2\/pages\/65\/revisions"}],"predecessor-version":[{"id":84,"href":"https:\/\/asoorivalle.com\/index.php?rest_route=\/wp\/v2\/pages\/65\/revisions\/84"}],"wp:attachment":[{"href":"https:\/\/asoorivalle.com\/index.php?rest_route=%2Fwp%2Fv2%2Fmedia&parent=65"}],"curies":[{"name":"wp","href":"https:\/\/api.w.org\/{rel}","templated":true}]}}